{"id":25,"date":"2017-05-17T20:05:52","date_gmt":"2017-05-17T20:05:52","guid":{"rendered":"http:\/\/154.201.75.218\/?page_id=25"},"modified":"2025-04-04T19:52:15","modified_gmt":"2025-04-04T11:52:15","slug":"kontakte","status":"publish","type":"page","link":"https:\/\/www.healthcheck-up.com\/de\/contacts\/","title":{"rendered":"Kontakt"},"content":{"rendered":"<div class=\"wpb-content-wrapper\"><section data-vc-full-width=\"true\" data-vc-full-width-init=\"false\" class=\"vc_section\"><div class=\"vc_row wpb_row vc_row-fluid vc_row-o-content-top vc_row-flex\"><div class=\"wpb_column vc_column_container vc_col-sm-12 vc_col-lg-4 vc_col-md-6\"><div class=\"vc_column-inner\"><div class=\"wpb_wrapper\"><div class=\"heading  header-inline align-left color-black transform-default icon-type-hidden   vc_custom_1526907454352 heading-tag-h4\" id=\"like_sc_header_397361746\"><h4 class=\"header ltx-sr-id-like_sc_header_3973617462041764821 ltx-sr ltx-sr-effect-fade_in ltx-sr-el-block ltx-sr-delay-0 ltx-sr-duration-1000 ltx-sr-sequences-0\">Zentralb\u00fcro<\/h4><\/div>\n\t<div class=\"wpb_text_column wpb_content_element\" >\n\t\t<div class=\"wpb_wrapper\">\n\t\t\t<p>China Health Check leistet Pionierarbeit in Sachen globaler medizinischer Chancengleichheit, indem es Informationsbarrieren \u00fcberwindet. Wir bieten ein umfassendes Gesundheitsscreening, datengest\u00fctzte Einblicke und grenz\u00fcberschreitende medizinische Dienstleistungen an, um das weltweite Wohlbefinden durch transparente, zug\u00e4ngliche Gesundheitsl\u00f6sungen zu f\u00f6rdern.<\/p>\n\n\t\t<\/div>\n\t<\/div>\n<div class=\"align-Left\"><ul class=\"social-icons-list   vc_custom_1743763456406 icon-weight-bold\" id=\"like_sc_header_88595846\"><li class=\"\"><span class=\"icon-telephone\"><\/span><span class=\"head\">+86 (010) 508-38-010<\/span><\/li><li class=\"\"><span class=\"icon-responsive\"><\/span><span class=\"head\">SkypeName<\/span><\/li><li class=\"\"><span class=\"icon-meeting-point\"><\/span><span class=\"head\">Nr. 4 Yuqiao Mid, Bezirk Tongzhou, Peking, China<\/span><\/li><\/ul><\/div><div class=\"align-Left\"><ul class=\"social-big icon-weight-bold\" id=\"like_sc_header_675054116\"><li><a href=\"#\" class=\"ltx-social-color fa fa-facebook\"><\/a><\/li><li><a href=\"#\" class=\"ltx-social-color fa fa-twitter\"><\/a><\/li><li><a href=\"#\" class=\"ltx-social-color fa fa-youtube\"><\/a><\/li><li><a href=\"#\" class=\"ltx-social-color fa fa-instagram\"><\/a><\/li><\/ul><\/div><\/div><\/div><\/div><div class=\"wpb_column vc_column_container vc_col-sm-12 vc_col-lg-4 vc_col-md-6 vc_col-has-fill\"><div class=\"vc_column-inner vc_custom_1518129269758\"><div class=\"wpb_wrapper\"><div class=\"es-resp\">\t<div class=\"visible-xl\" style=\"height: 0px;\"><\/div>\t<div class=\"hidden-xl hidden-md hidden-sm hidden-ms hidden-xs\" style=\"height: 0px;\"><\/div>\t<div class=\"visible-md\" style=\"height: 0px;\"><\/div>\t<div class=\"visible-sm\" style=\"height: 48px;\"><\/div>\t<div class=\"visible-ms\" style=\"height: 48px;\"><\/div>\t<div class=\"visible-xs\" style=\"height: 48px;\"><\/div><\/div><div class=\"heading  header-inline align-left color-black subcolor-main transform-default icon-type-hidden   vc_custom_1526908468521 heading-tag-h4\" id=\"like_sc_header_1127819628\"><h4 class=\"header ltx-sr-id-like_sc_header_1127819628540669776 ltx-sr ltx-sr-effect-fade_in ltx-sr-el-block ltx-sr-delay-0 ltx-sr-duration-1000 ltx-sr-sequences-0\">Die \u00d6ffnungszeiten<\/h4><\/div>\n\t<div class=\"wpb_text_column wpb_content_element\" >\n\t\t<div class=\"wpb_wrapper\">\n\t\t\t<p><span class=\"line-height-2\"><strong>Montag:<\/strong> 8:00 &#8211; 17:00<br \/>\n<strong>Dienstag:<\/strong> 8:00 &#8211; 17:00<br \/>\n<strong>Mittwoch:<\/strong> 8:00 &#8211; 17:00<br \/>\n<strong>Donnerstag:<\/strong> 8:00 &#8211; 17:00<br \/>\n<strong>Freitag:<\/strong> 8:00 &#8211; 17:00<br \/>\n<strong>Samstag:<\/strong> 11:00 &#8211; 15:00<br \/>\n<strong>Sonntag:<\/strong> GESCHLOSSEN<br \/>\n<\/span><\/p>\n\n\t\t<\/div>\n\t<\/div>\n<div class=\"es-resp\">\t<div class=\"visible-xl\" style=\"height: 64px;\"><\/div>\t<div class=\"hidden-xl hidden-md hidden-sm hidden-ms hidden-xs\" style=\"height: 28px;\"><\/div>\t<div class=\"visible-md\" style=\"height: 28px;\"><\/div>\t<div class=\"visible-sm\" style=\"height: 28px;\"><\/div>\t<div class=\"visible-ms\" style=\"height: 32px;\"><\/div>\t<div class=\"visible-xs\" style=\"height: 32px;\"><\/div><\/div><\/div><\/div><\/div><div class=\"wpb_column vc_column_container vc_col-sm-12 vc_col-lg-4 vc_col-md-12\"><div class=\"vc_column-inner\"><div class=\"wpb_wrapper\"><div class=\"es-resp\">\t<div class=\"visible-xl\" style=\"height: 0px;\"><\/div>\t<div class=\"hidden-xl hidden-md hidden-sm hidden-ms hidden-xs\" style=\"height: 0px;\"><\/div>\t<div class=\"visible-md\" style=\"height: 16px;\"><\/div>\t<div class=\"visible-sm\" style=\"height: 16px;\"><\/div>\t<div class=\"visible-ms\" style=\"height: 16px;\"><\/div>\t<div class=\"visible-xs\" style=\"height: 32px;\"><\/div><\/div><div class=\"ltx-contact-form-7 transform-default form-center form-gray form-bg-gray form-style-default form-btn-default form-btn-default form-padding-default    vc_custom_1526907539863\" id=\"like_sc_contact_form_7_11555585\">\n<div class=\"wpcf7 no-js\" id=\"wpcf7-f1555-o1\" lang=\"en-US\" dir=\"ltr\" data-wpcf7-id=\"1555\">\n<div class=\"screen-reader-response\"><p role=\"status\" aria-live=\"polite\" aria-atomic=\"true\"><\/p> <ul><\/ul><\/div>\n<form action=\"\/de\/wp-json\/wp\/v2\/pages\/25#wpcf7-f1555-o1\" method=\"post\" class=\"wpcf7-form init\" aria-label=\"Contact form\" novalidate=\"novalidate\" data-status=\"init\" data-trp-original-action=\"\/de\/wp-json\/wp\/v2\/pages\/25#wpcf7-f1555-o1\">\n<div style=\"display: none;\">\n<input type=\"hidden\" name=\"_wpcf7\" value=\"1555\" \/>\n<input type=\"hidden\" name=\"_wpcf7_version\" value=\"6.0.6\" \/>\n<input type=\"hidden\" name=\"_wpcf7_locale\" value=\"en_US\" \/>\n<input type=\"hidden\" name=\"_wpcf7_unit_tag\" value=\"wpcf7-f1555-o1\" \/>\n<input type=\"hidden\" name=\"_wpcf7_container_post\" value=\"0\" \/>\n<input type=\"hidden\" name=\"_wpcf7_posted_data_hash\" value=\"\" \/>\n<\/div>\n<p><span class=\"wpcf7-form-control-wrap\" data-name=\"field-header\"><input size=\"40\" maxlength=\"400\" class=\"wpcf7-form-control wpcf7-text wpcf7-validates-as-required\" aria-required=\"true\" aria-invalid=\"false\" placeholder=\"Ihr Name\" value=\"\" type=\"text\" name=\"field-header\" \/><\/span>\n<\/p>\n<p><span class=\"wpcf7-form-control-wrap\" data-name=\"field-header2\"><input size=\"40\" maxlength=\"400\" class=\"wpcf7-form-control wpcf7-text wpcf7-validates-as-required\" aria-required=\"true\" aria-invalid=\"false\" placeholder=\"Deine E-Mail\" value=\"\" type=\"text\" name=\"field-header2\" \/><\/span>\n<\/p>\n<p><span class=\"wpcf7-form-control-wrap\" data-name=\"field-header-3\"><textarea cols=\"40\" rows=\"10\" maxlength=\"2000\" class=\"wpcf7-form-control wpcf7-textarea\" aria-invalid=\"false\" placeholder=\"Nachricht\" name=\"field-header-3\"><\/textarea><\/span>\n<\/p>\n<p><input class=\"wpcf7-form-control wpcf7-submit has-spinner\" type=\"submit\" value=\"Einreichen\" \/>\n<\/p><div class=\"wpcf7-response-output\" aria-hidden=\"true\"><\/div>\n<input type=\"hidden\" name=\"trp-form-language\" value=\"de\"\/><\/form>\n<\/div>\n<\/div><\/div><\/div><\/div><\/div><div class=\"vc_row wpb_row vc_row-fluid\"><div class=\"wpb_column vc_column_container vc_col-sm-12\"><div class=\"vc_column-inner\"><div class=\"wpb_wrapper\"><div class=\"vc_empty_space\"   style=\"height: 72px\"><span class=\"vc_empty_space_inner\"><\/span><\/div><\/div><\/div><\/div><\/div><\/section><div class=\"vc_row-full-width vc_clearfix\"><\/div><div data-vc-full-width=\"true\" data-vc-full-width-init=\"false\" data-vc-stretch-content=\"true\" class=\"vc_row wpb_row vc_row-fluid vc_custom_1538478005860 vc_row-no-padding\"><div class=\"wpb_column vc_column_container vc_col-sm-12\"><div class=\"vc_column-inner\"><div class=\"wpb_wrapper\"><div class=\"wpb_gmaps_widget wpb_content_element vc_custom_1743767034302\"><div class=\"wpb_wrapper\"><div class=\"wpb_map_wraper\"><iframe src=\"https:\/\/www.google.com\/maps\/embed?pb=!1m13!1m8!1m3!1d1530.4449178017449!2d116.67631959073788!3d39.899098709112!3m2!1i1024!2i768!4f13.1!3m2!1m1!2zMznCsDUzJzU2LjkiTiAxMTbCsDQwJzM4LjUiRQ!5e0!3m2!1szh-CN!2ssg!4v1743767016751!5m2!1szh-CN!2ssg\" width=\"600\" height=\"450\" style=\"border:0;\" allowfullscreen=\"\" loading=\"lazy\" referrerpolicy=\"no-referrer-when-downgrade\"><\/iframe><\/div><\/div><\/div><\/div><\/div><\/div><\/div><div class=\"vc_row-full-width vc_clearfix\"><\/div>\n<\/div>","protected":false},"excerpt":{"rendered":"Central Office China Health Check pioneers global medical equity by breaking information barriers. We provide comprehensive health screening, data-driven insights, and cross-border medical services, empowering worldwide wellness through transparent, accessible healthcare solutions. +86 (010) 508-38-010SkypeNameNo. 4 Yuqiao Mid., Tongzhou Dist.\uff0cBeijing, China Opening Hours Monday: 8:00 - 17:00 Tuesday: 8:00 - 17:00 Wednesday: 8:00 - 17:00 Thursday: 8:00 - 17:00 Friday: 8:00 - 17:00 Saturday: 11:00 - 15:00 Sunday: CLOSED","protected":false},"author":1,"featured_media":0,"parent":0,"menu_order":0,"comment_status":"closed","ping_status":"closed","template":"","meta":{"footnotes":""},"class_list":["post-25","page","type-page","status-publish","hentry"],"_links":{"self":[{"href":"https:\/\/www.healthcheck-up.com\/de\/wp-json\/wp\/v2\/pages\/25"}],"collection":[{"href":"https:\/\/www.healthcheck-up.com\/de\/wp-json\/wp\/v2\/pages"}],"about":[{"href":"https:\/\/www.healthcheck-up.com\/de\/wp-json\/wp\/v2\/types\/page"}],"author":[{"embeddable":true,"href":"https:\/\/www.healthcheck-up.com\/de\/wp-json\/wp\/v2\/users\/1"}],"replies":[{"embeddable":true,"href":"https:\/\/www.healthcheck-up.com\/de\/wp-json\/wp\/v2\/comments?post=25"}],"version-history":[{"count":6,"href":"https:\/\/www.healthcheck-up.com\/de\/wp-json\/wp\/v2\/pages\/25\/revisions"}],"predecessor-version":[{"id":7939,"href":"https:\/\/www.healthcheck-up.com\/de\/wp-json\/wp\/v2\/pages\/25\/revisions\/7939"}],"wp:attachment":[{"href":"https:\/\/www.healthcheck-up.com\/de\/wp-json\/wp\/v2\/media?parent=25"}],"curies":[{"name":"wp","href":"https:\/\/api.w.org\/{rel}","templated":true}]}}