{"id":4838,"date":"2018-06-14T18:48:38","date_gmt":"2018-06-14T18:48:38","guid":{"rendered":"http:\/\/154.201.75.218\/?post_type=product&#038;p=4838"},"modified":"2024-10-30T22:53:12","modified_gmt":"2024-10-30T14:53:12","slug":"thc","status":"publish","type":"product","link":"https:\/\/www.healthcheck-up.com\/fr\/product\/thc\/","title":{"rendered":"D-2 THC"},"content":{"rendered":"<p>Si l'on consid\u00e8re que l'erreur commise par tous les citoyens est une erreur de volupt\u00e9, il est \u00e9vident que l'on ne peut pas s'en d\u00e9barrasser et que l'on ne peut pas expliquer ce qui s'est pass\u00e9 chez l'inventeur et l'architecte de la vie. Nemo enim ipsam voluptatem quia voluptas sit aspernatur aut odit aut fugit, sed quia consequuntur magni dolores eos qui ratione voluptatem sequi nesciunt. Neque porro quisquam est, qui dolorem ipsum quia dolor sit amet, consectetur, adipisci velit, sed quia non numquam eius modi tempora incidunt ut labore et dolore magnam aliquam quaerat voluptatem. Ut enim ad minima veniam, quis nostrum exercitationem ullam corporis suscipit laboriosam, nisi ut aliquid ex ea commodi consequatur ? Quis autem vel eum iure reprehenderit qui in ea voluptate velit esse quam nihil molestiae consequatur, vel illum qui dolorem eum fugiat quo voluptas nulla pariatur ?<\/p>","protected":false},"excerpt":{"rendered":"<p>Duis et aliquam orci. Vivamus augue quam, sollicitudin quis bibendum quis, eleifend vitae velit.<\/p>","protected":false},"featured_media":6498,"comment_status":"open","ping_status":"closed","template":"","meta":[],"product_brand":[],"product_cat":[243],"product_tag":[192,193,194,227],"class_list":{"0":"post-4838","1":"product","2":"type-product","3":"status-publish","4":"has-post-thumbnail","6":"product_cat-urology","7":"product_tag-cardiology","8":"product_tag-neurosurgery","9":"product_tag-surgery","10":"product_tag-urology","13":"first","14":"instock","15":"sale","16":"shipping-taxable","17":"purchasable","18":"product-type-simple"},"_links":{"self":[{"href":"https:\/\/www.healthcheck-up.com\/fr\/wp-json\/wp\/v2\/product\/4838"}],"collection":[{"href":"https:\/\/www.healthcheck-up.com\/fr\/wp-json\/wp\/v2\/product"}],"about":[{"href":"https:\/\/www.healthcheck-up.com\/fr\/wp-json\/wp\/v2\/types\/product"}],"replies":[{"embeddable":true,"href":"https:\/\/www.healthcheck-up.com\/fr\/wp-json\/wp\/v2\/comments?post=4838"}],"wp:featuredmedia":[{"embeddable":true,"href":"https:\/\/www.healthcheck-up.com\/fr\/wp-json\/wp\/v2\/media\/6498"}],"wp:attachment":[{"href":"https:\/\/www.healthcheck-up.com\/fr\/wp-json\/wp\/v2\/media?parent=4838"}],"wp:term":[{"taxonomy":"product_brand","embeddable":true,"href":"https:\/\/www.healthcheck-up.com\/fr\/wp-json\/wp\/v2\/product_brand?post=4838"},{"taxonomy":"product_cat","embeddable":true,"href":"https:\/\/www.healthcheck-up.com\/fr\/wp-json\/wp\/v2\/product_cat?post=4838"},{"taxonomy":"product_tag","embeddable":true,"href":"https:\/\/www.healthcheck-up.com\/fr\/wp-json\/wp\/v2\/product_tag?post=4838"}],"curies":[{"name":"wp","href":"https:\/\/api.w.org\/{rel}","templated":true}]}}